{"id":13,"date":"2021-07-15T16:55:28","date_gmt":"2021-07-15T14:55:28","guid":{"rendered":"http:\/\/econsult-fg.fr\/?page_id=13"},"modified":"2026-02-28T11:25:29","modified_gmt":"2026-02-28T10:25:29","slug":"a-propos-de","status":"publish","type":"page","link":"https:\/\/econsult-fg.fr\/?page_id=13","title":{"rendered":"\u00c0 propos de"},"content":{"rendered":"\n<p>J&rsquo;ai maintenant plus de 20 ans d&rsquo;exp\u00e9riences dans l&rsquo;informatique.<\/p>\n\n\n\n<p>Je peux vous conseiller ou former sur les syst\u00e8mes serveurs Windows et technologies Microsoft. <\/p>\n\n\n\n<p>\u00c9galement en virtualisation de serveurs et solutions Cloud et wifi.<\/p>\n\n\n\n<p><\/p>\n\n\n\n<p>Voici mes domaines d&rsquo;expertises en technologie Microsoft:<\/p>\n\n\n\n<p>Exchange<\/p>\n\n\n\n<p>Sharepoint<\/p>\n\n\n\n<p>Windows Server<\/p>\n\n\n\n<p>Windows 11<\/p>\n\n\n\n<p>Microsoft 365<\/p>\n\n\n\n<p><\/p>\n\n\n\n<p>Voici mes autres domaines d&rsquo;expertises:<\/p>\n\n\n\n<p>Virtualisation Vmware<\/p>\n\n\n\n<p>Virtualisation HyperV<\/p>\n\n\n\n<p>S\u00e9curit\u00e9 R\u00e9seau<\/p>\n\n\n\n<p>R\u00e9seau Wifi<\/p>\n\n\n\n<p>Cloud <\/p>\n\n\n\n<p><\/p>\n\n\n\n<p><\/p>\n","protected":false},"excerpt":{"rendered":"<p>J&rsquo;ai maintenant plus de 20 ans d&rsquo;exp\u00e9riences dans l&rsquo;informatique. Je peux vous conseiller ou former sur les syst\u00e8mes serveurs Windows et technologies Microsoft. \u00c9galement en virtualisation de serveurs et solutions Cloud et wifi. Voici mes domaines d&rsquo;expertises en technologie Microsoft: Exchange Sharepoint Windows Server Windows 11 Microsoft 365 Voici mes autres domaines d&rsquo;expertises: Virtualisation Vmware [&hellip;]<\/p>\n","protected":false},"author":1,"featured_media":0,"parent":0,"menu_order":0,"comment_status":"closed","ping_status":"closed","template":"","meta":{"footnotes":""},"class_list":["post-13","page","type-page","status-publish","hentry"],"_links":{"self":[{"href":"https:\/\/econsult-fg.fr\/index.php?rest_route=\/wp\/v2\/pages\/13","targetHints":{"allow":["GET"]}}],"collection":[{"href":"https:\/\/econsult-fg.fr\/index.php?rest_route=\/wp\/v2\/pages"}],"about":[{"href":"https:\/\/econsult-fg.fr\/index.php?rest_route=\/wp\/v2\/types\/page"}],"author":[{"embeddable":true,"href":"https:\/\/econsult-fg.fr\/index.php?rest_route=\/wp\/v2\/users\/1"}],"replies":[{"embeddable":true,"href":"https:\/\/econsult-fg.fr\/index.php?rest_route=%2Fwp%2Fv2%2Fcomments&post=13"}],"version-history":[{"count":10,"href":"https:\/\/econsult-fg.fr\/index.php?rest_route=\/wp\/v2\/pages\/13\/revisions"}],"predecessor-version":[{"id":129,"href":"https:\/\/econsult-fg.fr\/index.php?rest_route=\/wp\/v2\/pages\/13\/revisions\/129"}],"wp:attachment":[{"href":"https:\/\/econsult-fg.fr\/index.php?rest_route=%2Fwp%2Fv2%2Fmedia&parent=13"}],"curies":[{"name":"wp","href":"https:\/\/api.w.org\/{rel}","templated":true}]}}