{"id":14,"date":"2021-07-15T16:55:28","date_gmt":"2021-07-15T14:55:28","guid":{"rendered":"http:\/\/econsult-fg.fr\/?page_id=14"},"modified":"2021-08-26T17:41:02","modified_gmt":"2021-08-26T15:41:02","slug":"contact","status":"publish","type":"page","link":"https:\/\/econsult-fg.fr\/?page_id=14","title":{"rendered":"Contact"},"content":{"rendered":"\n<p>Je suis Fabien<\/p>\n\n\n\n<p>Vous pouvez me joindre par email \u00e0 l&rsquo;adresse <a href=\"mailto:fabien@econsult-fg.fr\">fabien@econsult-fg.fr<\/a><\/p>\n\n\n\n<p>J&rsquo;interviens aux alentours de Lyon.<\/p>\n\n\n\n<p>D\u00e9placement possible dans toute la R\u00e9gion.<\/p>\n\n\n\n<p><\/p>\n","protected":false},"excerpt":{"rendered":"<p>Je suis Fabien Vous pouvez me joindre par email \u00e0 l&rsquo;adresse fabien@econsult-fg.fr J&rsquo;interviens aux alentours de Lyon. D\u00e9placement possible dans toute la R\u00e9gion.<\/p>\n","protected":false},"author":1,"featured_media":0,"parent":0,"menu_order":0,"comment_status":"closed","ping_status":"closed","template":"","meta":{"footnotes":""},"class_list":["post-14","page","type-page","status-publish","hentry"],"_links":{"self":[{"href":"https:\/\/econsult-fg.fr\/index.php?rest_route=\/wp\/v2\/pages\/14","targetHints":{"allow":["GET"]}}],"collection":[{"href":"https:\/\/econsult-fg.fr\/index.php?rest_route=\/wp\/v2\/pages"}],"about":[{"href":"https:\/\/econsult-fg.fr\/index.php?rest_route=\/wp\/v2\/types\/page"}],"author":[{"embeddable":true,"href":"https:\/\/econsult-fg.fr\/index.php?rest_route=\/wp\/v2\/users\/1"}],"replies":[{"embeddable":true,"href":"https:\/\/econsult-fg.fr\/index.php?rest_route=%2Fwp%2Fv2%2Fcomments&post=14"}],"version-history":[{"count":5,"href":"https:\/\/econsult-fg.fr\/index.php?rest_route=\/wp\/v2\/pages\/14\/revisions"}],"predecessor-version":[{"id":122,"href":"https:\/\/econsult-fg.fr\/index.php?rest_route=\/wp\/v2\/pages\/14\/revisions\/122"}],"wp:attachment":[{"href":"https:\/\/econsult-fg.fr\/index.php?rest_route=%2Fwp%2Fv2%2Fmedia&parent=14"}],"curies":[{"name":"wp","href":"https:\/\/api.w.org\/{rel}","templated":true}]}}