{"id":39,"date":"2021-07-15T17:08:10","date_gmt":"2021-07-15T15:08:10","guid":{"rendered":"http:\/\/econsult-fg.fr\/?page_id=39"},"modified":"2021-08-26T19:33:56","modified_gmt":"2021-08-26T17:33:56","slug":"bienvenue","status":"publish","type":"page","link":"https:\/\/econsult-fg.fr\/","title":{"rendered":"Bienvenue"},"content":{"rendered":"\n<p><\/p>\n\n\n\n<p>  <\/p>\n\n\n\n<p><\/p>\n\n\n\n<p>Votre entreprise a besoin de conseils pour faire \u00e9voluer son syst\u00e8me informatique?<\/p>\n\n\n\n<p><\/p>\n\n\n\n<p>Je peux vous aider \u00e0 mettre \u00e0 jour votre syst\u00e8me d&rsquo;information, et \u00e0 accro\u00eetre sa s\u00e9curit\u00e9 et sa fiabilit\u00e9.<\/p>\n\n\n\n<p>Contacter moi pour une \u00e9tude sur <a href=\"mailto:fabien@econsult-fg.fr\">fabien@econsult-fg.fr<\/a> .<\/p>\n","protected":false},"excerpt":{"rendered":"<p>Votre entreprise a besoin de conseils pour faire \u00e9voluer son syst\u00e8me informatique? Je peux vous aider \u00e0 mettre \u00e0 jour votre syst\u00e8me d&rsquo;information, et \u00e0 accro\u00eetre sa s\u00e9curit\u00e9 et sa fiabilit\u00e9. Contacter moi pour une \u00e9tude sur fabien@econsult-fg.fr .<\/p>\n","protected":false},"author":1,"featured_media":0,"parent":0,"menu_order":0,"comment_status":"closed","ping_status":"closed","template":"","meta":{"footnotes":""},"class_list":["post-39","page","type-page","status-publish","hentry"],"_links":{"self":[{"href":"https:\/\/econsult-fg.fr\/index.php?rest_route=\/wp\/v2\/pages\/39","targetHints":{"allow":["GET"]}}],"collection":[{"href":"https:\/\/econsult-fg.fr\/index.php?rest_route=\/wp\/v2\/pages"}],"about":[{"href":"https:\/\/econsult-fg.fr\/index.php?rest_route=\/wp\/v2\/types\/page"}],"author":[{"embeddable":true,"href":"https:\/\/econsult-fg.fr\/index.php?rest_route=\/wp\/v2\/users\/1"}],"replies":[{"embeddable":true,"href":"https:\/\/econsult-fg.fr\/index.php?rest_route=%2Fwp%2Fv2%2Fcomments&post=39"}],"version-history":[{"count":14,"href":"https:\/\/econsult-fg.fr\/index.php?rest_route=\/wp\/v2\/pages\/39\/revisions"}],"predecessor-version":[{"id":123,"href":"https:\/\/econsult-fg.fr\/index.php?rest_route=\/wp\/v2\/pages\/39\/revisions\/123"}],"wp:attachment":[{"href":"https:\/\/econsult-fg.fr\/index.php?rest_route=%2Fwp%2Fv2%2Fmedia&parent=39"}],"curies":[{"name":"wp","href":"https:\/\/api.w.org\/{rel}","templated":true}]}}